{"id":183,"date":"2024-04-29T08:37:53","date_gmt":"2024-04-29T06:37:53","guid":{"rendered":"https:\/\/dev.sunnsyte7.ch\/?page_id=183"},"modified":"2024-04-29T08:56:03","modified_gmt":"2024-04-29T06:56:03","slug":"buchung","status":"publish","type":"page","link":"https:\/\/dev.sunnsyte7.ch\/?page_id=183","title":{"rendered":"Buchung"},"content":{"rendered":"<div data-colibri-id=\"183-c1\" class=\"style-280 style-local-183-c1 position-relative\">\n  <!---->\n  <div data-colibri-component=\"section\" data-colibri-id=\"183-c2\" id=\"custom\" class=\"h-section h-section-global-spacing d-flex align-items-lg-center align-items-md-center align-items-center style-282 style-local-183-c2 position-relative\">\n    <!---->\n    <!---->\n    <div class=\"h-section-grid-container h-section-boxed-container\">\n      <!---->\n      <div data-colibri-id=\"183-c3\" class=\"h-row-container gutters-row-lg-2 gutters-row-md-2 gutters-row-0 gutters-row-v-lg-2 gutters-row-v-md-2 gutters-row-v-2 style-283 style-local-183-c3 position-relative\">\n        <!---->\n        <div class=\"h-row justify-content-lg-center justify-content-md-center justify-content-center align-items-lg-stretch align-items-md-stretch align-items-stretch gutters-col-lg-2 gutters-col-md-2 gutters-col-0 gutters-col-v-lg-2 gutters-col-v-md-2 gutters-col-v-2\">\n          <!---->\n          <div class=\"h-column h-column-container d-flex h-col-lg-auto h-col-md-auto h-col-auto style-284-outer style-local-183-c4-outer\">\n            <div data-colibri-id=\"183-c4\" class=\"d-flex h-flex-basis h-column__inner h-px-lg-2 h-px-md-2 h-px-2 v-inner-lg-2 v-inner-md-2 v-inner-2 style-284 style-local-183-c4 position-relative\">\n              <!---->\n              <!---->\n              <div class=\"w-100 h-y-container h-column__content h-column__v-align flex-basis-100 align-self-lg-start align-self-md-start align-self-start\">\n                <!---->\n                <div data-colibri-id=\"183-c5\" class=\"h-text h-text-component style-285 style-local-183-c5 position-relative h-element\">\n                  <!---->\n                  <!---->\n                  <div class=\"\">\n                    <p>Buchung und Bezahlung:\n                      <br>\n                      <br>&nbsp;\n                      <a href=\"https:\/\/www.leukerbad.ch\/shop?useDetailSearch=false#\/unterkuenfte\/SAA\/41eb1e75-8d82-4187-93ea-5df36e03b2b0\/sunnsyte-7--?useDetailSearch=false\" style=\"color: rgb(34, 34, 34);\" class=\"customize-unpreviewable\">\n                        <u>\u00dcber Leukerbad Tourismus<\/u>&nbsp;<\/a>&lt;\u2013 Link anklicken\n                      <br>\n                      <br>1. www.leukerbad.ch \u2013&gt; Aufenthalt \u2013&gt; Unterkunft\n                      <br>2. Ferienwohnungen \u2013&gt; Jetzt buchen\n                      <br>3. Suchfilter ganz unten \u201eName suchen\u201c \u2013&gt; Eingabe:&nbsp;Sunnsyte 7 \u2013&gt; Lupe\n                      <br>4. Sunnsyte 7&nbsp;wird angezeigt \u2013&gt; Anklicken und Verf\u00fcgbarkeit pr\u00fcfen\n                      <br><span style=\"font-size: 1rem;\"><br><\/span><\/p>\n                    <p><span style=\"font-size: 1rem;\">\u00dcbersicht freie Termine:&nbsp;<\/span><\/p>\n                    <p>\n                      <a href=\"https:\/\/www.e-domizil.ch\/ferienwohnung\/808635\/sunnsyte-7-4-bettwohnung-dusche-wc-leukerbad-leukerbad-oberwallis-schweiz\" style=\"font-size: 1rem; color: rgb(34, 34, 34);\" rel=\"noopener\" target=\"_blank\" class=\"customize-unpreviewable\">\n                        <u>Anklicken von \u201eTermin w\u00e4hlen\u201c<\/u>\n                      <\/a><span style=\"font-size: 1rem;\">&nbsp;&lt;\u2013 Link anklicken&nbsp;<br>und auch Buchung m\u00f6glich\u2026<\/span><\/p>\n                    <p>\n                      <br>\n                    <\/p>\n                    <p>Ihre Gastgeber:<\/p>\n                    <p>Ruth und Hansruedi Brunner\n                      <br>Noemi Brunner \/ Raphael Brunner<\/p>\n                    <p>Tel:&nbsp;\n                      <u>+41 78 620 73 47<\/u>\n                    <\/p>\n                    <p>Mail:\n                      <a href=\"mailto: sunnsyte7@gmx.net\" style=\"color: rgb(0, 0, 0);\">\n                        <u>sunnsyte7@gmx.net<\/u>\n                      <\/a>\n                    <\/p>\n                    <p>\n                      <br>\n                    <\/p>\n                    <p>\n                      <br>\n                    <\/p>\n                  <\/div>\n                <\/div>\n              <\/div>\n            <\/div>\n          <\/div>\n        <\/div>\n      <\/div>\n    <\/div>\n  <\/div>\n<\/div>","protected":false},"excerpt":{"rendered":"<p>Buchung und Bezahlung: &nbsp; \u00dcber Leukerbad Tourismus&nbsp;&lt;\u2013 Link anklicken 1. www.leukerbad.ch \u2013&gt; Aufenthalt \u2013&gt; Unterkunft 2. Ferienwohnungen \u2013&gt; Jetzt buchen 3. Suchfilter ganz unten \u201eName suchen\u201c \u2013&gt; Eingabe:&nbsp;Sunnsyte 7 \u2013&gt; Lupe 4. Sunnsyte 7&nbsp;wird angezeigt \u2013&gt; Anklicken und Verf\u00fcgbarkeit pr\u00fcfen \u00dcbersicht freie Termine:&nbsp; Anklicken von \u201eTermin w\u00e4hlen\u201c &nbsp;&lt;\u2013 Link anklicken&nbsp;und auch Buchung m\u00f6glich\u2026 Ihre Gastgeber: [&hellip;]<\/p>\n","protected":false},"author":1,"featured_media":0,"parent":0,"menu_order":0,"comment_status":"closed","ping_status":"closed","template":"page-templates\/full-width-page.php","meta":{"footnotes":""},"class_list":["post-183","page","type-page","status-publish","hentry"],"_links":{"self":[{"href":"https:\/\/dev.sunnsyte7.ch\/index.php?rest_route=\/wp\/v2\/pages\/183","targetHints":{"allow":["GET"]}}],"collection":[{"href":"https:\/\/dev.sunnsyte7.ch\/index.php?rest_route=\/wp\/v2\/pages"}],"about":[{"href":"https:\/\/dev.sunnsyte7.ch\/index.php?rest_route=\/wp\/v2\/types\/page"}],"author":[{"embeddable":true,"href":"https:\/\/dev.sunnsyte7.ch\/index.php?rest_route=\/wp\/v2\/users\/1"}],"replies":[{"embeddable":true,"href":"https:\/\/dev.sunnsyte7.ch\/index.php?rest_route=%2Fwp%2Fv2%2Fcomments&post=183"}],"version-history":[{"count":15,"href":"https:\/\/dev.sunnsyte7.ch\/index.php?rest_route=\/wp\/v2\/pages\/183\/revisions"}],"predecessor-version":[{"id":321,"href":"https:\/\/dev.sunnsyte7.ch\/index.php?rest_route=\/wp\/v2\/pages\/183\/revisions\/321"}],"wp:attachment":[{"href":"https:\/\/dev.sunnsyte7.ch\/index.php?rest_route=%2Fwp%2Fv2%2Fmedia&parent=183"}],"curies":[{"name":"wp","href":"https:\/\/api.w.org\/{rel}","templated":true}]}}